{"id":2,"date":"2026-02-20T08:18:37","date_gmt":"2026-02-20T08:18:37","guid":{"rendered":"http:\/\/www.fouleescontroises.fr\/?page_id=2"},"modified":"2026-02-20T14:53:41","modified_gmt":"2026-02-20T14:53:41","slug":"sample-page","status":"publish","type":"page","link":"https:\/\/www.fouleescontroises.fr\/?page_id=2","title":{"rendered":"Mentions l\u00e9gales"},"content":{"rendered":"\n<p><strong>L&#8217;association Les Foul\u00e9es Controises<\/strong><\/p>\n\n\n\n<p>Le pr\u00e9sent site est la propri\u00e9t\u00e9 de l&#8217;AS Les Foul\u00e9es Controises, Mairie de Contres, Place du 8 mai, 41700 Contres.<br>Le directeur de la publication du pr\u00e9sent site est Monsieur Daveau en sa qualit\u00e9 de Pr\u00e9sident.<\/p>\n\n\n\n<hr class=\"wp-block-separator has-alpha-channel-opacity\"\/>\n\n\n\n<p><strong>D\u00e9veloppement et H\u00e9bergement du site<\/strong><\/p>\n\n\n\n<p>Le site Internet de l&#8217;AS Les Foul\u00e9es Controises est h\u00e9berg\u00e9 par la soci\u00e9t\u00e9 :<\/p>\n\n\n\n<p>OVH SAS \u2013 2 rue Kellermann \u2013 BP 80157 \u2013 59053 Roubaix Cedex 1<\/p>\n\n\n\n<p>La version actuelle a \u00e9t\u00e9 mise en ligne en f\u00e9vrier 2026.<\/p>\n\n\n\n<hr class=\"wp-block-separator has-alpha-channel-opacity\"\/>\n\n\n\n<p><strong>Traitement des donn\u00e9es<\/strong><\/p>\n\n\n\n<p><em>Emploi des donn\u00e9es personnelles<\/em><br>Les informations qui vous concernent sont destin\u00e9es \u00e0 l&#8217;AS Les Foul\u00e9es Controises.<br>Les informations que vous nous communiquez ne sont jamais confi\u00e9es \u00e0 des tiers.<br>Si vous avez adress\u00e9 un courrier \u00e9lectronique, votre adresse mail ne nous servira qu&#8217;\u00e0 vous acheminer la r\u00e9ponse.<\/p>\n\n\n\n<p><em>Droit d&#8217;acc\u00e8s, de modification et de suppression<\/em><br>Vous disposez d&#8217;un droit d&#8217;acc\u00e8s, de modification, de rectification et de suppression des donn\u00e9es qui vous concernent (art. 34 de la loi &#8220;Informatique et libert\u00e9s&#8221; du 06\/01\/78). Pour l&#8217;exercer, adressez-vous \u00e0 :<\/p>\n\n\n\n<p>AS Les Foul\u00e9es Controises<br>MAIRIE DE CONTRES<br>Place du 8 mai<br>41700 Contres<\/p>\n\n\n\n<hr class=\"wp-block-separator has-alpha-channel-opacity\"\/>\n\n\n\n<p><strong>Cr\u00e9dits Photographiques<\/strong><\/p>\n\n\n\n<p>Les photographies pr\u00e9sent\u00e9es sur ce site sont prot\u00e9g\u00e9es par le Code de la propri\u00e9t\u00e9 intellectuelle et artistique.<br>La reproduction des photographies pr\u00e9sentes sur ce site n&#8217;est autoris\u00e9e que pour un public de non-professionnels et pour un usage strictement priv\u00e9 sous r\u00e9serve de mention des cr\u00e9dits du clich\u00e9.<br>Tout usage commercial ou \u00e0 caract\u00e8re lucratif des images est interdit.<\/p>\n\n\n\n<p>Pour toutes demandes concernant les photographies, merci de bien vouloir contacter l&#8217;AS Les Foul\u00e9es Controises.<\/p>\n\n\n\n<hr class=\"wp-block-separator has-alpha-channel-opacity\"\/>\n\n\n\n<p><strong>Liens vers des sites tiers<\/strong><\/p>\n\n\n\n<p>Le site <a href=\"http:\/\/www.lesfouleescontroises.fr\">www.lesfouleescontroises.fr<\/a> contient des liens hypertextes dirigeant les utilisateurs vers des sites Internet g\u00e9r\u00e9s par des tiers.<br>Ces sites n&#8217;\u00e9tant pas g\u00e9r\u00e9s par l&#8217;AS Les Foul\u00e9es Controises, celle-ci ne peut \u00eatre tenue pour responsable de leur contenu (qualit\u00e9, v\u00e9racit\u00e9, pertinence) ni des difficult\u00e9s que pourrait rencontrer l&#8217;internaute pour y acc\u00e9der.<\/p>\n\n\n\n<hr class=\"wp-block-separator has-alpha-channel-opacity\"\/>\n\n\n\n<p><strong>Mentions l\u00e9gales<\/strong><\/p>\n\n\n\n<p>En application de la loi du 11 mars 1957 (art. 41) et du code de la propri\u00e9t\u00e9 intellectuelle du 1er juillet 1992, toute reproduction partielle ou totale \u00e0 usage collectif est strictement interdite sans autorisation de l&#8217;AS Les Foul\u00e9es Controises.<br>Les logos, visuels et photographies pr\u00e9sents sur ce site sont la propri\u00e9t\u00e9 de leur d\u00e9tenteur respectif.<\/p>\n\n\n\n<blockquote class=\"wp-block-quote is-layout-flow wp-block-quote-is-layout-flow\"><\/blockquote>\n\n\n\n<blockquote class=\"wp-block-quote is-layout-flow wp-block-quote-is-layout-flow\"><\/blockquote>\n","protected":false},"excerpt":{"rendered":"<p>L&#8217;association Les Foul\u00e9es Controises Le pr\u00e9sent site est la propri\u00e9t\u00e9 de l&#8217;AS Les Foul\u00e9es Controises, Mairie de Contres, Place du 8 mai, 41700 Contres.Le directeur de la publication du pr\u00e9sent site est Monsieur Daveau en sa qualit\u00e9 de Pr\u00e9sident. D\u00e9veloppement et H\u00e9bergement du site Le site Internet de l&#8217;AS Les Foul\u00e9es Controises est h\u00e9berg\u00e9 par [&hellip;]<\/p>\n","protected":false},"author":1,"featured_media":0,"parent":0,"menu_order":0,"comment_status":"closed","ping_status":"open","template":"","meta":{"saved_in_kubio":true,"footnotes":""},"class_list":["post-2","page","type-page","status-publish","hentry"],"kubio_ai_page_context":{"short_desc":"","purpose":"general"},"_links":{"self":[{"href":"https:\/\/www.fouleescontroises.fr\/index.php?rest_route=\/wp\/v2\/pages\/2","targetHints":{"allow":["GET"]}}],"collection":[{"href":"https:\/\/www.fouleescontroises.fr\/index.php?rest_route=\/wp\/v2\/pages"}],"about":[{"href":"https:\/\/www.fouleescontroises.fr\/index.php?rest_route=\/wp\/v2\/types\/page"}],"author":[{"embeddable":true,"href":"https:\/\/www.fouleescontroises.fr\/index.php?rest_route=\/wp\/v2\/users\/1"}],"replies":[{"embeddable":true,"href":"https:\/\/www.fouleescontroises.fr\/index.php?rest_route=%2Fwp%2Fv2%2Fcomments&post=2"}],"version-history":[{"count":2,"href":"https:\/\/www.fouleescontroises.fr\/index.php?rest_route=\/wp\/v2\/pages\/2\/revisions"}],"predecessor-version":[{"id":120,"href":"https:\/\/www.fouleescontroises.fr\/index.php?rest_route=\/wp\/v2\/pages\/2\/revisions\/120"}],"wp:attachment":[{"href":"https:\/\/www.fouleescontroises.fr\/index.php?rest_route=%2Fwp%2Fv2%2Fmedia&parent=2"}],"curies":[{"name":"wp","href":"https:\/\/api.w.org\/{rel}","templated":true}]}}